{"id":3,"date":"2025-11-06T13:26:37","date_gmt":"2025-11-06T12:26:37","guid":{"rendered":"https:\/\/legalbyia.fr\/?page_id=3"},"modified":"2025-11-22T11:15:10","modified_gmt":"2025-11-22T10:15:10","slug":"politique-de-confidentialite","status":"publish","type":"page","link":"https:\/\/legalbyia.fr\/index.php\/politique-de-confidentialite\/","title":{"rendered":"Notice l\u00e9gale et donn\u00e9es personnelles"},"content":{"rendered":"\n<h2 class=\"wp-block-heading\">Qui sommes-nous&nbsp;?<\/h2>\n\n\n\n<p>Le site\u00a0<a href=\"https:\/\/legalbyia.fr.\">https:\/\/legalbyia.fr.<\/a>(ci-apr\u00e8s \u00ab le Site \u00bb) que vous consultez actuellement est \u00e9dit\u00e9 par LEGAL BY PROCESS, SAS dont le si\u00e8ge social est situ\u00e9 20 avenue de Wagram 75008, immatricul\u00e9e sous le n\u00b0 de Siren 842 101 925. Le directeur de la publication est Monsieur Franklin Brousse en qualit\u00e9 de Pr\u00e9sident. Le Site web est h\u00e9berg\u00e9 par ONLINE SAS, BP 438 75366 PARIS CEDEX 08, SAS immatricul\u00e9e sous le num\u00e9ro 433 115 904. <\/p>\n\n\n\n<h2 class=\"wp-block-heading\"><strong>Conditions d\u2019utilisation du Site<\/strong><\/h2>\n\n\n\n<p>Ce Site est r\u00e9gi par la loi fran\u00e7aise. Les r\u00e8gles de conflit de loi sont express\u00e9ment exclues au profit de l\u2019application compl\u00e8te et sans r\u00e9serve de la loi fran\u00e7aise. Les r\u00e9sidents \u00e9trangers acceptent formellement l\u2019application de la loi fran\u00e7aise en visitant ce Site et en utilisation tout ou partie des fonctionnalit\u00e9s du Site web. En consultant ce Site, vous acceptez d\u2019en respecter les conditions d\u2019utilisation telles que celles-ci sont affich\u00e9es \u00e0 la date de consultation. LEGAL BY PROCESS fera ses meilleurs efforts pour rendre le Site accessible 24 heures sur 24 et 7 jours sur 7, mais ne saurait en aucun cas engager sa responsabilit\u00e9 du fait d\u2019\u00e9ventuelles difficult\u00e9s d\u2019acc\u00e8s au \u00e0 son Site. <\/p>\n\n\n\n<h2 class=\"wp-block-heading\"><strong>Donn\u00e9es personnelles<\/strong><\/h2>\n\n\n\n<p>Les donn\u00e9es personnelles que vous pourriez communiquer sur le Site sont destin\u00e9es \u00e0 LEGAL BY PROCESS pour ses seuls besoins et celui du traitement de vos demandes et des services propos\u00e9s par LEGAL BY PROCESS. En communiquant votre adresse e-mail, vous acceptez que LEGAL BY PROCESS vous adresse des informations par e-mail. Conform\u00e9ment \u00e0 la r\u00e9glementation applicable en mati\u00e8re de protection des donn\u00e9es personnelles, vous disposez d\u2019un droit d\u2019acc\u00e8s, de modification, de rectification et de suppression des donn\u00e9es vous concernant, en vous adressant \u00e0 LEGAL BY PROCESS :\u00a0<a href=\"mailto:contact@legalbyprocess.com\">franklin@legalbyprocess.com<\/a>. LEGAL BY PROCESS ne conserve vos donn\u00e9es personnelles que pendant le temps n\u00e9cessaire aux op\u00e9rations pour lesquelles elles ont \u00e9t\u00e9 collect\u00e9es et dans le respect de la r\u00e9glementation en vigueur. Les donn\u00e9es collect\u00e9es \u00e0 des fins de prospection sont conserv\u00e9es pendant 3 ans \u00e0 compter du dernier contact entrant avec LEGAL BY PROCESS..<\/p>\n\n\n\n<h2 class=\"wp-block-heading\">Cookies<\/h2>\n\n\n\n<p><strong class=\"privacy-policy-tutorial\">Texte sugg\u00e9r\u00e9\u00a0: <\/strong>Les cookies sont install\u00e9s et utilis\u00e9s pour les seuls besoins de sa visite sur le Site, le Site n\u2019utilise aucun cookie publicitaire et les cookies ne collectent aucune donn\u00e9e personnelle. Ces cookies expirent au bout d\u2019un an.<\/p>\n\n\n\n<p>Si vous vous rendez sur la page de connexion, un cookie temporaire sera cr\u00e9\u00e9 afin de d\u00e9terminer si votre navigateur accepte les cookies. Il ne contient pas de donn\u00e9es personnelles et sera supprim\u00e9 automatiquement \u00e0 la fermeture de votre navigateur.<\/p>\n\n\n\n<p>Lorsque vous vous connecterez, nous mettrons en place un certain nombre de cookies pour enregistrer vos informations de connexion et vos pr\u00e9f\u00e9rences d\u2019\u00e9cran. La dur\u00e9e de vie d\u2019un cookie de connexion est de deux jours, celle d\u2019un cookie d\u2019option d\u2019\u00e9cran est d\u2019un an. <\/p>\n\n\n\n<h2 class=\"wp-block-heading\">Utilisation et transmission de vos donn\u00e9es personnelles<\/h2>\n\n\n\n<p>Si vous demandez une r\u00e9initialisation de votre mot de passe, votre adresse IP sera incluse dans l\u2019e-mail de r\u00e9initialisation.<\/p>\n","protected":false},"excerpt":{"rendered":"<p>Qui sommes-nous&nbsp;? Le site\u00a0https:\/\/legalbyia.fr.(ci-apr\u00e8s \u00ab le Site \u00bb) que vous consultez actuellement est \u00e9dit\u00e9 par LEGAL BY PROCESS, SAS dont le si\u00e8ge social est situ\u00e9 20 avenue de Wagram 75008, immatricul\u00e9e sous le n\u00b0 de Siren 842 101 925. Le directeur de la publication est Monsieur Franklin Brousse en qualit\u00e9 de Pr\u00e9sident. Le Site web [&hellip;]<\/p>\n","protected":false},"author":1,"featured_media":0,"parent":0,"menu_order":0,"comment_status":"closed","ping_status":"closed","template":"","meta":{"footnotes":""},"class_list":["post-3","page","type-page","status-publish","hentry"],"_links":{"self":[{"href":"https:\/\/legalbyia.fr\/index.php\/wp-json\/wp\/v2\/pages\/3","targetHints":{"allow":["GET"]}}],"collection":[{"href":"https:\/\/legalbyia.fr\/index.php\/wp-json\/wp\/v2\/pages"}],"about":[{"href":"https:\/\/legalbyia.fr\/index.php\/wp-json\/wp\/v2\/types\/page"}],"author":[{"embeddable":true,"href":"https:\/\/legalbyia.fr\/index.php\/wp-json\/wp\/v2\/users\/1"}],"replies":[{"embeddable":true,"href":"https:\/\/legalbyia.fr\/index.php\/wp-json\/wp\/v2\/comments?post=3"}],"version-history":[{"count":5,"href":"https:\/\/legalbyia.fr\/index.php\/wp-json\/wp\/v2\/pages\/3\/revisions"}],"predecessor-version":[{"id":102,"href":"https:\/\/legalbyia.fr\/index.php\/wp-json\/wp\/v2\/pages\/3\/revisions\/102"}],"wp:attachment":[{"href":"https:\/\/legalbyia.fr\/index.php\/wp-json\/wp\/v2\/media?parent=3"}],"curies":[{"name":"wp","href":"https:\/\/api.w.org\/{rel}","templated":true}]}}